{"id":10,"date":"2026-02-12T12:28:39","date_gmt":"2026-02-12T11:28:39","guid":{"rendered":"https:\/\/gataca.de\/inside\/?page_id=10"},"modified":"2026-02-18T10:56:29","modified_gmt":"2026-02-18T09:56:29","slug":"ueber-uns","status":"publish","type":"page","link":"https:\/\/gataca.de\/inside\/ueber-uns\/","title":{"rendered":"\u00dcber Uns"},"content":{"rendered":"\t\t<div data-elementor-type=\"wp-page\" data-elementor-id=\"10\" class=\"elementor elementor-10\" data-elementor-post-type=\"page\">\n\t\t\t\t<div class=\"elementor-element elementor-element-9fa41fc e-flex e-con-boxed e-con e-parent\" data-id=\"9fa41fc\" data-element_type=\"container\" data-e-type=\"container\" data-settings=\"{&quot;background_background&quot;:&quot;classic&quot;}\">\n\t\t\t\t\t<div class=\"e-con-inner\">\n\t\t\t\t<div class=\"elementor-element elementor-element-ea51b84 elementor-widget elementor-widget-heading\" data-id=\"ea51b84\" data-element_type=\"widget\" data-e-type=\"widget\" data-widget_type=\"heading.default\">\n\t\t\t\t\t<h2 class=\"elementor-heading-title elementor-size-default\">\u00dcber uns<\/h2>\t\t\t\t<\/div>\n\t\t\t\t<div class=\"elementor-element elementor-element-51d30de elementor-widget elementor-widget-heading\" data-id=\"51d30de\" data-element_type=\"widget\" data-e-type=\"widget\" data-widget_type=\"heading.default\">\n\t\t\t\t\t<h2 class=\"elementor-heading-title elementor-size-default\">Wir sind Ihr Partner F\u00fcr Innovation und Qualit\u00e4t in Villingen<\/h2>\t\t\t\t<\/div>\n\t\t\t\t\t<\/div>\n\t\t\t\t<\/div>\n\t\t<div class=\"elementor-element elementor-element-399c424 e-flex e-con-boxed e-con e-parent\" data-id=\"399c424\" data-element_type=\"container\" data-e-type=\"container\">\n\t\t\t\t\t<div class=\"e-con-inner\">\n\t\t<div class=\"elementor-element elementor-element-f517509 e-con-full e-flex e-con e-child\" data-id=\"f517509\" data-element_type=\"container\" data-e-type=\"container\" data-settings=\"{&quot;background_background&quot;:&quot;classic&quot;}\">\n\t\t\t\t<\/div>\n\t\t<div class=\"elementor-element elementor-element-f1e5436 e-con-full e-flex e-con e-child\" data-id=\"f1e5436\" data-element_type=\"container\" data-e-type=\"container\">\n\t\t\t\t<div class=\"elementor-element elementor-element-801c8f6 elementor-widget elementor-widget-heading\" data-id=\"801c8f6\" data-element_type=\"widget\" data-e-type=\"widget\" data-widget_type=\"heading.default\">\n\t\t\t\t\t<h2 class=\"elementor-heading-title elementor-size-default\">Fortschrittsorientierung und Qualit\u00e4t als Unternehmensphilosophie<\/h2>\t\t\t\t<\/div>\n\t\t\t\t<div class=\"elementor-element elementor-element-19316bb elementor-widget elementor-widget-text-editor\" data-id=\"19316bb\" data-element_type=\"widget\" data-e-type=\"widget\" data-widget_type=\"text-editor.default\">\n\t\t\t\t\t\t\t\t\t<p data-start=\"365\" data-end=\"653\">Die <strong data-start=\"369\" data-end=\"384\">GATACA GmbH<\/strong> steht f\u00fcr Fortschrittsorientierung, Qualit\u00e4t und nachhaltiges Wachstum. Als vielseitiges Unternehmen mit Sitz in <strong data-start=\"498\" data-end=\"524\">Villingen-Schwenningen<\/strong> verbinden wir moderne Technologien mit h\u00f6chsten Qualit\u00e4tsstandards, um zukunftssichere L\u00f6sungen f\u00fcr unsere Kunden zu entwickeln.<\/p><p data-start=\"655\" data-end=\"1130\">Unser Anspruch ist es, nicht nur Dienstleistungen zu erbringen, sondern echten Mehrwert zu schaffen. Durch den Einsatz branchenf\u00fchrender Technologien, effizienter Prozesse und eines erfahrenen Teams von Fachkr\u00e4ften garantieren wir leistungsstarke und zuverl\u00e4ssige Ergebnisse. Fortschritt bedeutet f\u00fcr uns, Entwicklungen aktiv mitzugestalten, Trends fr\u00fchzeitig zu erkennen und ma\u00dfgeschneiderte L\u00f6sungen anzubieten, die exakt auf die Bed\u00fcrfnisse unserer Kunden abgestimmt sind.<\/p><p data-start=\"1132\" data-end=\"1320\">Qualit\u00e4t ist dabei kein Versprechen, sondern ein Standard, den wir t\u00e4glich leben. Von der Planung bis zur Umsetzung setzen wir auf strukturierte Abl\u00e4ufe, Transparenz und h\u00f6chste Pr\u00e4zision.<\/p>\t\t\t\t\t\t\t\t<\/div>\n\t\t<div class=\"elementor-element elementor-element-38329c6 e-con-full e-flex e-con e-child\" data-id=\"38329c6\" data-element_type=\"container\" data-e-type=\"container\">\n\t\t\t\t<div class=\"elementor-element elementor-element-e239595 elementor-widget elementor-widget-button\" data-id=\"e239595\" data-element_type=\"widget\" data-e-type=\"widget\" data-widget_type=\"button.default\">\n\t\t\t\t\t\t\t\t\t\t<a class=\"elementor-button elementor-button-link elementor-size-sm\" href=\"#elementor-action%3Aaction%3Dpopup%3Aopen%26settings%3DeyJpZCI6IjYxMCIsInRvZ2dsZSI6ZmFsc2V9\">\n\t\t\t\t\t\t<span class=\"elementor-button-content-wrapper\">\n\t\t\t\t\t\t\t\t\t<span class=\"elementor-button-text\">Kontakt<\/span>\n\t\t\t\t\t<\/span>\n\t\t\t\t\t<\/a>\n\t\t\t\t\t\t\t\t<\/div>\n\t\t\t\t<div class=\"elementor-element elementor-element-c9427c3 elementor-widget elementor-widget-button\" data-id=\"c9427c3\" data-element_type=\"widget\" data-e-type=\"widget\" data-widget_type=\"button.default\">\n\t\t\t\t\t\t\t\t\t\t<a class=\"elementor-button elementor-button-link elementor-size-sm\" href=\"https:\/\/gataca.de\/inside\/firmenphilosophie-historie\/\">\n\t\t\t\t\t\t<span class=\"elementor-button-content-wrapper\">\n\t\t\t\t\t\t<span class=\"elementor-button-icon\">\n\t\t\t\t<svg aria-hidden=\"true\" class=\"e-font-icon-svg e-fas-arrow-right\" viewBox=\"0 0 448 512\" xmlns=\"http:\/\/www.w3.org\/2000\/svg\"><path d=\"M190.5 66.9l22.2-22.2c9.4-9.4 24.6-9.4 33.9 0L441 239c9.4 9.4 9.4 24.6 0 33.9L246.6 467.3c-9.4 9.4-24.6 9.4-33.9 0l-22.2-22.2c-9.5-9.5-9.3-25 .4-34.3L311.4 296H24c-13.3 0-24-10.7-24-24v-32c0-13.3 10.7-24 24-24h287.4L190.9 101.2c-9.8-9.3-10-24.8-.4-34.3z\"><\/path><\/svg>\t\t\t<\/span>\n\t\t\t\t\t\t\t\t\t<span class=\"elementor-button-text\">Firmenphilosophie &amp; Historie<\/span>\n\t\t\t\t\t<\/span>\n\t\t\t\t\t<\/a>\n\t\t\t\t\t\t\t\t<\/div>\n\t\t\t\t<\/div>\n\t\t\t\t<\/div>\n\t\t\t\t\t<\/div>\n\t\t\t\t<\/div>\n\t\t<div class=\"elementor-element elementor-element-2817b46 e-flex e-con-boxed e-con e-parent\" data-id=\"2817b46\" data-element_type=\"container\" data-e-type=\"container\" data-settings=\"{&quot;background_background&quot;:&quot;classic&quot;}\">\n\t\t\t\t\t<div class=\"e-con-inner\">\n\t\t\t\t<div class=\"elementor-element elementor-element-1903698 elementor-widget elementor-widget-html\" data-id=\"1903698\" data-element_type=\"widget\" data-e-type=\"widget\" data-widget_type=\"html.default\">\n\t\t\t\t\t<!-- GATACA Logo-Slider (Endlos \/ Carousel) \u2014 einfach in ein Elementor HTML-Widget einf\u00fcgen -->\r\n<div class=\"gataca-logo-slider\" aria-label=\"Kundenlogos (laufender Slider)\">\r\n  <div class=\"gataca-logo-slider__mask\">\r\n    <div class=\"gataca-logo-slider__track\" data-speed=\"80\">\r\n      <!-- Set 1 -->\r\n      <div class=\"gataca-logo-slider__item\"><img loading=\"lazy\" decoding=\"async\" src=\"\/inside\/wp-content\/uploads\/sites\/16\/2026\/02\/Love_2_code_Logo_weiss_komplett.png\" alt=\"Love 2 Code\"><\/div>\r\n      <div class=\"gataca-logo-slider__item\"><img loading=\"lazy\" decoding=\"async\" src=\"\/inside\/wp-content\/uploads\/sites\/16\/2026\/02\/Logo-Adventure-Golf-weiss.png\" alt=\"Adventure Golf\"><\/div>\r\n      <div class=\"gataca-logo-slider__item\"><img loading=\"lazy\" decoding=\"async\" src=\"\/inside\/wp-content\/uploads\/sites\/16\/2026\/02\/Logo_Anwaltskanzlei_white-scaled.png\" alt=\"Anwaltskanzlei\"><\/div>\r\n      <div class=\"gataca-logo-slider__item\"><img loading=\"lazy\" decoding=\"async\" src=\"\/inside\/wp-content\/uploads\/sites\/16\/2026\/02\/LOGO-weiss.png\" alt=\"Kundenlogo\"><\/div>\r\n\r\n      <div class=\"gataca-logo-slider__item\"><img loading=\"lazy\" decoding=\"async\" src=\"\/inside\/wp-content\/uploads\/sites\/16\/2026\/02\/Logo-2024-weiss.png\" alt=\"Kundenlogo\"><\/div>\r\n      <div class=\"gataca-logo-slider__item\"><img loading=\"lazy\" decoding=\"async\" src=\"\/inside\/wp-content\/uploads\/sites\/16\/2026\/02\/LMS_LOGO_NEU_Negativ-scaled.png\" alt=\"LMS\"><\/div>\r\n      <div class=\"gataca-logo-slider__item\"><img loading=\"lazy\" decoding=\"async\" src=\"\/inside\/wp-content\/uploads\/sites\/16\/2026\/02\/Logo-weiss-1.png\" alt=\"Kundenlogo\"><\/div>\r\n\r\n      <div class=\"gataca-logo-slider__item\"><img loading=\"lazy\" decoding=\"async\" src=\"\/inside\/wp-content\/uploads\/sites\/16\/2026\/02\/Logo_neu_weiss.png\" alt=\"Kundenlogo\"><\/div>\r\n      <div class=\"gataca-logo-slider__item\"><img loading=\"lazy\" decoding=\"async\" src=\"\/inside\/wp-content\/uploads\/sites\/16\/2026\/02\/PremiumStyle-Logo-negativ-scaled.png\" alt=\"Premium Style\"><\/div>\r\n      <div class=\"gataca-logo-slider__item\"><img loading=\"lazy\" decoding=\"async\" src=\"\/inside\/wp-content\/uploads\/sites\/16\/2026\/02\/Logo_ProImmobilien-negativ.png\" alt=\"ProImmobilien\"><\/div>\r\n      <div class=\"gataca-logo-slider__item\"><img loading=\"lazy\" decoding=\"async\" src=\"\/inside\/wp-content\/uploads\/sites\/16\/2026\/02\/top_bau_logo-weiss.png\" alt=\"Top Bau\"><\/div>\r\n      <div class=\"gataca-logo-slider__item\"><img loading=\"lazy\" decoding=\"async\" src=\"\/inside\/wp-content\/uploads\/sites\/16\/2026\/02\/Logo_White2.png\" alt=\"Kundenlogo\"><\/div>\r\n      <div class=\"gataca-logo-slider__item\"><img loading=\"lazy\" decoding=\"async\" src=\"\/inside\/wp-content\/uploads\/sites\/16\/2026\/02\/Logo_V1_NEU_Final2_white_white.png\" alt=\"Kundenlogo\"><\/div>\r\n\r\n      <div class=\"gataca-logo-slider__item\"><img loading=\"lazy\" decoding=\"async\" src=\"\/inside\/wp-content\/uploads\/sites\/16\/2026\/02\/Logo_AutohausMahler_2019-Logo-weiss-transparent-scaled.png\" alt=\"Autohaus Mahler\"><\/div>\r\n\r\n      <!-- Set 2 (Duplikat f\u00fcr nahtlosen Endlos-Loop) -->\r\n      <div class=\"gataca-logo-slider__item\" aria-hidden=\"true\"><img loading=\"lazy\" decoding=\"async\" src=\"\/inside\/wp-content\/uploads\/sites\/16\/2026\/02\/Love_2_code_Logo_weiss_komplett.png\" alt=\"\"><\/div>\r\n      <div class=\"gataca-logo-slider__item\" aria-hidden=\"true\"><img loading=\"lazy\" decoding=\"async\" src=\"\/inside\/wp-content\/uploads\/sites\/16\/2026\/02\/Logo-Adventure-Golf-weiss.png\" alt=\"\"><\/div>\r\n      <div class=\"gataca-logo-slider__item\" aria-hidden=\"true\"><img loading=\"lazy\" decoding=\"async\" src=\"\/inside\/wp-content\/uploads\/sites\/16\/2026\/02\/Logo_Anwaltskanzlei_white-scaled.png\" alt=\"\"><\/div>\r\n      <div class=\"gataca-logo-slider__item\" aria-hidden=\"true\"><img loading=\"lazy\" decoding=\"async\" src=\"\/inside\/wp-content\/uploads\/sites\/16\/2026\/02\/LOGO-weiss.png\" alt=\"\"><\/div>\r\n\r\n      <div class=\"gataca-logo-slider__item\" aria-hidden=\"true\"><img loading=\"lazy\" decoding=\"async\" src=\"\/inside\/wp-content\/uploads\/sites\/16\/2026\/02\/Logo-2024-weiss.png\" alt=\"\"><\/div>\r\n      <div class=\"gataca-logo-slider__item\" aria-hidden=\"true\"><img loading=\"lazy\" decoding=\"async\" src=\"\/inside\/wp-content\/uploads\/sites\/16\/2026\/02\/LMS_LOGO_NEU_Negativ-scaled.png\" alt=\"\"><\/div>\r\n      <div class=\"gataca-logo-slider__item\" aria-hidden=\"true\"><img loading=\"lazy\" decoding=\"async\" src=\"\/inside\/wp-content\/uploads\/sites\/16\/2026\/02\/Logo-weiss-1.png\" alt=\"\"><\/div>\r\n\r\n      <div class=\"gataca-logo-slider__item\" aria-hidden=\"true\"><img loading=\"lazy\" decoding=\"async\" src=\"\/inside\/wp-content\/uploads\/sites\/16\/2026\/02\/Logo_neu_weiss.png\" alt=\"\"><\/div>\r\n      <div class=\"gataca-logo-slider__item\" aria-hidden=\"true\"><img loading=\"lazy\" decoding=\"async\" src=\"\/inside\/wp-content\/uploads\/sites\/16\/2026\/02\/PremiumStyle-Logo-negativ-scaled.png\" alt=\"\"><\/div>\r\n      <div class=\"gataca-logo-slider__item\" aria-hidden=\"true\"><img loading=\"lazy\" decoding=\"async\" src=\"\/inside\/wp-content\/uploads\/sites\/16\/2026\/02\/Logo_ProImmobilien-negativ.png\" alt=\"\"><\/div>\r\n      <div class=\"gataca-logo-slider__item\" aria-hidden=\"true\"><img loading=\"lazy\" decoding=\"async\" src=\"\/inside\/wp-content\/uploads\/sites\/16\/2026\/02\/top_bau_logo-weiss.png\" alt=\"\"><\/div>\r\n      <div class=\"gataca-logo-slider__item\" aria-hidden=\"true\"><img loading=\"lazy\" decoding=\"async\" src=\"\/inside\/wp-content\/uploads\/sites\/16\/2026\/02\/Logo_White2.png\" alt=\"\"><\/div>\r\n      <div class=\"gataca-logo-slider__item\" aria-hidden=\"true\"><img loading=\"lazy\" decoding=\"async\" src=\"\/inside\/wp-content\/uploads\/sites\/16\/2026\/02\/Logo_V1_NEU_Final2_white_white.png\" alt=\"\"><\/div>\r\n\r\n      <div class=\"gataca-logo-slider__item\" aria-hidden=\"true\"><img loading=\"lazy\" decoding=\"async\" src=\"\/inside\/wp-content\/uploads\/sites\/16\/2026\/02\/Logo_AutohausMahler_2019-Logo-weiss-transparent-scaled.png\" alt=\"\"><\/div>\r\n    <\/div>\r\n  <\/div>\r\n<\/div>\r\n\r\n<style>\r\n  \/* Scoped Styles: beeinflusst nix au\u00dferhalb des Sliders *\/\r\n  .gataca-logo-slider{\r\n    --gap: 150px;           \/* Abstand zwischen Logos *\/\r\n    --logo-h: 100px;        \/* Standard-Logo-H\u00f6he *\/\r\n    --fade: 48px;          \/* Fade links\/rechts *\/\r\n    width: 100%;\r\n  }\r\n\r\n  .gataca-logo-slider__mask{\r\n    position: relative;\r\n    overflow: hidden;\r\n    width: 100%;\r\n    \/* leichte R\u00e4nder f\u00fcr Optik (optional) *\/\r\n    \/* padding: 6px 0; *\/\r\n    \/* pointer-events aktiv lassen, damit Hover\/Pause geht *\/\r\n  }\r\n\r\n  \/* sch\u00f6nes Ausblenden links\/rechts *\/\r\n  .gataca-logo-slider__mask::before,\r\n  .gataca-logo-slider__mask::after{\r\n    content:\"\";\r\n    position:absolute;\r\n    top:0; bottom:0;\r\n    width: var(--fade);\r\n    z-index: 2;\r\n    pointer-events:none;\r\n  }\r\n  .gataca-logo-slider__mask::before{\r\n    left:0;\r\n    background: linear-gradient(to right, rgba(0,0,0,0.), rgba(0,0,0,0));\r\n  }\r\n  .gataca-logo-slider__mask::after{\r\n    right:0;\r\n    background: linear-gradient(to left, rgba(0,0,0,0.), rgba(0,0,0,0));\r\n  }\r\n\r\n  .gataca-logo-slider__track{\r\n    display: flex;\r\n    align-items: center;\r\n    gap: var(--gap);\r\n    width: max-content; \/* wichtig f\u00fcr sauberes Messen *\/\r\n    will-change: transform;\r\n    animation: gatacaLogoMarquee var(--duration, 180s) linear infinite;\r\n  }\r\n\r\n  .gataca-logo-slider__item{\r\n    flex: 0 0 auto;\r\n    display: inline-flex;\r\n    align-items: center;\r\n    justify-content: center;\r\n  }\r\n\r\n  .gataca-logo-slider__item img{\r\n    height: var(--logo-h);\r\n    width: auto;\r\n    max-width: 220px;\r\n    object-fit: contain;\r\n    display:block;\r\n    \/* gegen \u201cmilchige\u201d PNGs auf dunklem BG: optional *\/\r\n    \/* filter: drop-shadow(0 2px 8px rgba(0,0,0,.25)); *\/\r\n  }\r\n\r\n  \/* Pause bei Hover (nice f\u00fcr User) *\/\r\n  .gataca-logo-slider__mask:hover .gataca-logo-slider__track{\r\n    animation-play-state: paused;\r\n  }\r\n\r\n  \/* Bewegung reduzieren, wenn Nutzer das so eingestellt hat *\/\r\n  @media (prefers-reduced-motion: reduce){\r\n    .gataca-logo-slider__track{ animation: none; }\r\n    .gataca-logo-slider__mask{ overflow-x: auto; }\r\n  }\r\n\r\n  \/* Animation: wir schieben exakt um die halbe Trackbreite (Set 1) *\/\r\n  @keyframes gatacaLogoMarquee{\r\n    from{ transform: translateX(0); }\r\n    to{ transform: translateX(calc(-1 * var(--shift, 50%))); }\r\n  }\r\n\r\n  \/* Responsive Tuning *\/\r\n  @media (max-width: 768px){\r\n    .gataca-logo-slider{ --gap: 24px; --logo-h: 34px; --fade: 30px; }\r\n    .gataca-logo-slider__item img{ max-width: 170px; }\r\n  }\r\n<\/style>\r\n\r\n<script>\r\n  (function(){\r\n    \/\/ robust in Elementor\/WordPress: mehrfaches Laden vermeiden\r\n    const sliders = document.querySelectorAll('.gataca-logo-slider__track');\r\n    sliders.forEach(track => {\r\n      if (track.dataset.inited === '1') return;\r\n      track.dataset.inited = '1';\r\n\r\n      const mask = track.closest('.gataca-logo-slider__mask');\r\n      if (!mask) return;\r\n\r\n      \/\/ Speed: px pro Sekunde (data-speed=\"2\" -> 2px\/s)\r\n      const speed = Math.max(2, parseFloat(track.getAttribute('data-speed') || '2'));\r\n\r\n      const compute = () => {\r\n        \/\/ Track enth\u00e4lt Set1+Set2. Wir brauchen die Breite von Set1 = H\u00e4lfte der Gesamtbreite (bei sauberem Duplikat).\r\n        \/\/ Sicherer: Gesamtbreite \/ 2.\r\n        const total = track.scrollWidth;\r\n        const half = total \/ 2;\r\n\r\n        \/\/ shift in px setzen, damit die Keyframes exakt passen\r\n        track.style.setProperty('--shift', half + 'px');\r\n\r\n        \/\/ Dauer = Strecke \/ speed\r\n        const duration = half \/ speed; \/\/ Sekunden\r\n        track.style.setProperty('--duration', duration.toFixed(2) + 's');\r\n      };\r\n\r\n      \/\/ beim Laden & bei Resize neu berechnen\r\n      const onReady = () => compute();\r\n      if (document.readyState === 'complete' || document.readyState === 'interactive') onReady();\r\n      else document.addEventListener('DOMContentLoaded', onReady, { once: true });\r\n\r\n      \/\/ wenn Bilder nachladen, \u00e4ndert sich Breite -> nachziehen\r\n      const imgs = track.querySelectorAll('img');\r\n      let pending = imgs.length;\r\n      if (pending === 0) compute();\r\n      imgs.forEach(img => {\r\n        if (img.complete) {\r\n          pending--;\r\n          if (pending <= 0) compute();\r\n        } else {\r\n          img.addEventListener('load', () => { pending--; if (pending <= 0) compute(); }, { once: true });\r\n          img.addEventListener('error', () => { pending--; if (pending <= 0) compute(); }, { once: true });\r\n        }\r\n      });\r\n\r\n      \/\/ Resize\r\n      let rAF = null;\r\n      window.addEventListener('resize', () => {\r\n        if (rAF) cancelAnimationFrame(rAF);\r\n        rAF = requestAnimationFrame(compute);\r\n      });\r\n    });\r\n  })();\r\n<\/script>\r\n\t\t\t\t<\/div>\n\t\t\t\t\t<\/div>\n\t\t\t\t<\/div>\n\t\t<div class=\"elementor-element elementor-element-9e86c05 e-flex e-con-boxed e-con e-parent\" data-id=\"9e86c05\" data-element_type=\"container\" data-e-type=\"container\">\n\t\t\t\t\t<div class=\"e-con-inner\">\n\t\t<div class=\"elementor-element elementor-element-d5bce3c e-con-full e-flex e-con e-child\" data-id=\"d5bce3c\" data-element_type=\"container\" data-e-type=\"container\" data-settings=\"{&quot;background_background&quot;:&quot;classic&quot;}\">\n\t\t\t\t<\/div>\n\t\t<div class=\"elementor-element elementor-element-dba9730 e-con-full e-flex e-con e-child\" data-id=\"dba9730\" data-element_type=\"container\" data-e-type=\"container\">\n\t\t\t\t<div class=\"elementor-element elementor-element-fa51404 elementor-widget elementor-widget-heading\" data-id=\"fa51404\" data-element_type=\"widget\" data-e-type=\"widget\" data-widget_type=\"heading.default\">\n\t\t\t\t\t<h2 class=\"elementor-heading-title elementor-size-default\">Starke Verwurzelung in Villingen \u2013 Verantwortung f\u00fcr Region und Zukunft<\/h2>\t\t\t\t<\/div>\n\t\t\t\t<div class=\"elementor-element elementor-element-f5bb904 elementor-widget elementor-widget-text-editor\" data-id=\"f5bb904\" data-element_type=\"widget\" data-e-type=\"widget\" data-widget_type=\"text-editor.default\">\n\t\t\t\t\t\t\t\t\t<p data-start=\"1403\" data-end=\"1629\">Als Unternehmen mit klarer regionaler Verbundenheit ist die <strong data-start=\"1463\" data-end=\"1491\">GATACA GmbH in Villingen<\/strong> fest in der lokalen Wirtschaft verankert. Unser Standort ist f\u00fcr uns weit mehr als eine Gesch\u00e4ftsadresse \u2013 er ist Teil unserer Identit\u00e4t.<\/p><p data-start=\"1631\" data-end=\"2018\">Wir \u00fcbernehmen Verantwortung f\u00fcr die Region, indem wir <strong data-start=\"1686\" data-end=\"1712\">Arbeitspl\u00e4tze schaffen<\/strong>, Ausbildungs- und Entwicklungsm\u00f6glichkeiten f\u00f6rdern und nachhaltige Initiativen unterst\u00fctzen. Unsere Unternehmensstrategie verbindet wirtschaftlichen Erfolg mit sozialem Engagement und Umweltbewusstsein. Nachhaltigkeit und gesellschaftliche Verantwortung sind feste Bestandteile unserer Unternehmenswerte.<\/p><p data-start=\"2020\" data-end=\"2269\">Die enge Verbindung zur Stadt Villingen-Schwenningen motiviert uns, aktiv zur positiven Entwicklung der Region beizutragen. Gemeinsam mit unseren Partnern, Kunden und Mitarbeitenden gestalten wir eine zukunftsorientierte und nachhaltige Entwicklung.<\/p>\t\t\t\t\t\t\t\t<\/div>\n\t\t\t\t<\/div>\n\t\t\t\t\t<\/div>\n\t\t\t\t<\/div>\n\t\t\t\t<\/div>\n\t\t","protected":false},"excerpt":{"rendered":"<p>\u00dcber uns Wir sind Ihr Partner F\u00fcr Innovation und Qualit\u00e4t in Villingen Fortschrittsorientierung und Qualit\u00e4t als Unternehmensphilosophie Die GATACA GmbH steht f\u00fcr Fortschrittsorientierung, Qualit\u00e4t und nachhaltiges Wachstum. Als vielseitiges Unternehmen mit Sitz in Villingen-Schwenningen verbinden wir moderne Technologien mit h\u00f6chsten Qualit\u00e4tsstandards, um zukunftssichere L\u00f6sungen f\u00fcr unsere Kunden zu entwickeln. Unser Anspruch ist es, nicht nur [&hellip;]<\/p>\n","protected":false},"author":21,"featured_media":0,"parent":0,"menu_order":0,"comment_status":"closed","ping_status":"closed","template":"","meta":{"footnotes":""},"class_list":["post-10","page","type-page","status-publish","hentry"],"aioseo_notices":[],"_links":{"self":[{"href":"https:\/\/gataca.de\/inside\/wp-json\/wp\/v2\/pages\/10","targetHints":{"allow":["GET"]}}],"collection":[{"href":"https:\/\/gataca.de\/inside\/wp-json\/wp\/v2\/pages"}],"about":[{"href":"https:\/\/gataca.de\/inside\/wp-json\/wp\/v2\/types\/page"}],"author":[{"embeddable":true,"href":"https:\/\/gataca.de\/inside\/wp-json\/wp\/v2\/users\/21"}],"replies":[{"embeddable":true,"href":"https:\/\/gataca.de\/inside\/wp-json\/wp\/v2\/comments?post=10"}],"version-history":[{"count":58,"href":"https:\/\/gataca.de\/inside\/wp-json\/wp\/v2\/pages\/10\/revisions"}],"predecessor-version":[{"id":665,"href":"https:\/\/gataca.de\/inside\/wp-json\/wp\/v2\/pages\/10\/revisions\/665"}],"wp:attachment":[{"href":"https:\/\/gataca.de\/inside\/wp-json\/wp\/v2\/media?parent=10"}],"curies":[{"name":"wp","href":"https:\/\/api.w.org\/{rel}","templated":true}]}}