{"id":313,"date":"2026-02-16T16:01:36","date_gmt":"2026-02-16T15:01:36","guid":{"rendered":"https:\/\/gataca.de\/inside\/?page_id=313"},"modified":"2026-03-27T09:25:48","modified_gmt":"2026-03-27T08:25:48","slug":"unser-buero","status":"publish","type":"page","link":"https:\/\/gataca.de\/inside\/unser-buero\/","title":{"rendered":"Unser B\u00fcro"},"content":{"rendered":"\t\t<div data-elementor-type=\"wp-page\" data-elementor-id=\"313\" class=\"elementor elementor-313\" data-elementor-post-type=\"page\">\n\t\t\t\t<div class=\"elementor-element elementor-element-1f1295b e-flex e-con-boxed e-con e-parent\" data-id=\"1f1295b\" data-element_type=\"container\" data-e-type=\"container\" data-settings=\"{&quot;background_background&quot;:&quot;classic&quot;}\">\n\t\t\t\t\t<div class=\"e-con-inner\">\n\t\t\t\t<div class=\"elementor-element elementor-element-a01dbbc elementor-widget elementor-widget-heading\" data-id=\"a01dbbc\" data-element_type=\"widget\" data-e-type=\"widget\" data-widget_type=\"heading.default\">\n\t\t\t\t\t<h2 class=\"elementor-heading-title elementor-size-default\">Herzlich Willkommen<\/h2>\t\t\t\t<\/div>\n\t\t\t\t<div class=\"elementor-element elementor-element-b4caa89 elementor-widget elementor-widget-heading\" data-id=\"b4caa89\" data-element_type=\"widget\" data-e-type=\"widget\" data-widget_type=\"heading.default\">\n\t\t\t\t\t<h2 class=\"elementor-heading-title elementor-size-default\">im GATACA Hauptquartier<\/h2>\t\t\t\t<\/div>\n\t\t\t\t\t<\/div>\n\t\t\t\t<\/div>\n\t\t<div class=\"elementor-element elementor-element-7acd2c1 e-flex e-con-boxed e-con e-parent\" data-id=\"7acd2c1\" data-element_type=\"container\" data-e-type=\"container\">\n\t\t\t\t\t<div class=\"e-con-inner\">\n\t\t<div class=\"elementor-element elementor-element-2eb7802 e-con-full e-flex e-con e-child\" data-id=\"2eb7802\" data-element_type=\"container\" data-e-type=\"container\" data-settings=\"{&quot;background_background&quot;:&quot;classic&quot;}\">\n\t\t\t\t<\/div>\n\t\t<div class=\"elementor-element elementor-element-ab390c1 e-con-full e-flex e-con e-child\" data-id=\"ab390c1\" data-element_type=\"container\" data-e-type=\"container\">\n\t\t\t\t<div class=\"elementor-element elementor-element-050c630 elementor-widget elementor-widget-heading\" data-id=\"050c630\" data-element_type=\"widget\" data-e-type=\"widget\" data-widget_type=\"heading.default\">\n\t\t\t\t\t<h2 class=\"elementor-heading-title elementor-size-default\">Ein gem\u00fctliches B\u00fcro f\u00fcr inspirierende Spitzenleistungen<\/h2>\t\t\t\t<\/div>\n\t\t\t\t<div class=\"elementor-element elementor-element-a4ea857 elementor-widget elementor-widget-text-editor\" data-id=\"a4ea857\" data-element_type=\"widget\" data-e-type=\"widget\" data-widget_type=\"text-editor.default\">\n\t\t\t\t\t\t\t\t\t<p>Herzlich willkommen in unserem gem\u00fctlichen B\u00fcro, das mehr an ein Wohnzimmer als an ein traditionelles B\u00fcro erinnert! Wir bei GATACA glauben daran, dass eine inspirierende Arbeitsumgebung f\u00fcr unsere Mitarbeiter einen gro\u00dfen Unterschied macht, um Spitzenleistungen zu erzielen.<\/p><p>Wir glauben, dass ein Arbeitsplatz, an dem man sich wohlf\u00fchlt, zu einer besseren Arbeit und h\u00f6herer Produktivit\u00e4t f\u00fchrt. Deshalb haben wir uns entschieden, unser B\u00fcro in eine gem\u00fctliche und inspirierende Umgebung zu verwandeln. Wir sind stolz darauf, unseren Mitarbeitern eine Atmosph\u00e4re zu bieten, die es ihnen erm\u00f6glicht, ihr volles Potenzial zu entfalten und gro\u00dfartige Arbeit zu leisten.<\/p>\t\t\t\t\t\t\t\t<\/div>\n\t\t\t\t<\/div>\n\t\t\t\t\t<\/div>\n\t\t\t\t<\/div>\n\t\t<div class=\"elementor-element elementor-element-43b44c6 e-flex e-con-boxed e-con e-parent\" data-id=\"43b44c6\" data-element_type=\"container\" data-e-type=\"container\" data-settings=\"{&quot;background_background&quot;:&quot;classic&quot;}\">\n\t\t\t\t\t<div class=\"e-con-inner\">\n\t\t<div class=\"elementor-element elementor-element-827141a e-con-full e-flex e-con e-child\" data-id=\"827141a\" data-element_type=\"container\" data-e-type=\"container\">\n\t\t\t\t<div class=\"elementor-element elementor-element-c0ec1ef elementor-widget elementor-widget-heading\" data-id=\"c0ec1ef\" data-element_type=\"widget\" data-e-type=\"widget\" data-widget_type=\"heading.default\">\n\t\t\t\t\t<p class=\"elementor-heading-title elementor-size-default\">Arbeiten und Leben in Villingen-Schwenningen<\/p>\t\t\t\t<\/div>\n\t\t\t\t<div class=\"elementor-element elementor-element-1e46dc3 elementor-widget elementor-widget-text-editor\" data-id=\"1e46dc3\" data-element_type=\"widget\" data-e-type=\"widget\" data-widget_type=\"text-editor.default\">\n\t\t\t\t\t\t\t\t\t<p data-start=\"135\" data-end=\"400\">Sie suchen einen <strong data-start=\"152\" data-end=\"197\">attraktiven Job in Villingen-Schwenningen<\/strong> und m\u00f6chten Beruf und Lebensqualit\u00e4t verbinden? Im Herzen des Schwarzwaldes erwartet Sie nicht nur eine starke Wirtschaftsregion, sondern auch ein Umfeld, in dem Arbeit und Freizeit perfekt harmonieren.<\/p><p data-start=\"402\" data-end=\"606\">Ob nach Feierabend in die Natur, am Wochenende auf den Wanderwegen des Schwarzwaldes oder bei kulturellen Veranstaltungen in der Altstadt \u2013 hier l\u00e4sst sich <strong data-start=\"558\" data-end=\"585\">Karriere im Schwarzwald<\/strong> wirklich genie\u00dfen.<\/p><p data-start=\"608\" data-end=\"750\" data-is-last-node=\"\" data-is-only-node=\"\">Werden Sie Teil unseres Teams und gestalten Sie Ihre berufliche Zukunft in Villingen-Schwenningen \u2013 wir freuen uns darauf, Sie kennenzulernen.<\/p>\t\t\t\t\t\t\t\t<\/div>\n\t\t\t\t<div class=\"elementor-element elementor-element-417b219 elementor-widget elementor-widget-button\" data-id=\"417b219\" data-element_type=\"widget\" data-e-type=\"widget\" data-widget_type=\"button.default\">\n\t\t\t\t\t\t\t\t\t\t<a class=\"elementor-button elementor-button-link elementor-size-sm\" href=\"#elementor-action%3Aaction%3Dpopup%3Aopen%26settings%3DeyJpZCI6IjYxMCIsInRvZ2dsZSI6ZmFsc2V9\">\n\t\t\t\t\t\t<span class=\"elementor-button-content-wrapper\">\n\t\t\t\t\t\t\t\t\t<span class=\"elementor-button-text\">Kontakt<\/span>\n\t\t\t\t\t<\/span>\n\t\t\t\t\t<\/a>\n\t\t\t\t\t\t\t\t<\/div>\n\t\t\t\t<\/div>\n\t\t<div class=\"elementor-element elementor-element-14029d9 e-con-full e-flex e-con e-child\" data-id=\"14029d9\" data-element_type=\"container\" data-e-type=\"container\" data-settings=\"{&quot;background_background&quot;:&quot;classic&quot;}\">\n\t\t\t\t<\/div>\n\t\t\t\t\t<\/div>\n\t\t\t\t<\/div>\n\t\t<div class=\"elementor-element elementor-element-763ff56 e-flex e-con-boxed e-con e-parent\" data-id=\"763ff56\" data-element_type=\"container\" data-e-type=\"container\">\n\t\t\t\t\t<div class=\"e-con-inner\">\n\t\t<div class=\"elementor-element elementor-element-386f902 e-con-full e-flex e-con e-child\" data-id=\"386f902\" data-element_type=\"container\" data-e-type=\"container\" data-settings=\"{&quot;background_background&quot;:&quot;classic&quot;}\">\n\t\t\t\t<\/div>\n\t\t<div class=\"elementor-element elementor-element-9490383 e-con-full e-flex e-con e-child\" data-id=\"9490383\" data-element_type=\"container\" data-e-type=\"container\">\n\t\t\t\t<div class=\"elementor-element elementor-element-9718447 elementor-widget elementor-widget-heading\" data-id=\"9718447\" data-element_type=\"widget\" data-e-type=\"widget\" data-widget_type=\"heading.default\">\n\t\t\t\t\t<h2 class=\"elementor-heading-title elementor-size-default\">Kreativit\u00e4t trifft Entertainment \u2013 Einzigartige Themenr\u00e4ume f\u00fcr Mitarbeiter bei uns im B\u00fcro<\/h2>\t\t\t\t<\/div>\n\t\t\t\t<div class=\"elementor-element elementor-element-5343a2d elementor-widget elementor-widget-text-editor\" data-id=\"5343a2d\" data-element_type=\"widget\" data-e-type=\"widget\" data-widget_type=\"text-editor.default\">\n\t\t\t\t\t\t\t\t\t<p>Unsere R\u00e4ume sind in verschiedenen Themenbereichen eingerichtet, darunter Marvel, SciFi, Filmklassiker und Kunst. Unser Besprechungszimmer gleicht mehr einem amerikanischen Diner, das speziell eingerichtet wurde, um die Kreativit\u00e4t unserer Mitarbeiter zu f\u00f6rdern. Hier k\u00f6nnen sie sich in einer einzigartigen und inspirierenden Umgebung austauschen und Ideen entwickeln.<\/p><p>Wir haben sogar eine PlayStation, um in der Freizeit zu entspannen. S\u00fc\u00dfigkeiten stehen bei uns eigentlich immer rund um die Uhr zur Verf\u00fcgung, um unseren Mitarbeitern den Tag zu vers\u00fc\u00dfen.<\/p>\t\t\t\t\t\t\t\t<\/div>\n\t\t\t\t<\/div>\n\t\t\t\t\t<\/div>\n\t\t\t\t<\/div>\n\t\t<div class=\"elementor-element elementor-element-7357a28 e-flex e-con-boxed e-con e-parent\" data-id=\"7357a28\" data-element_type=\"container\" data-e-type=\"container\" data-settings=\"{&quot;background_background&quot;:&quot;classic&quot;}\">\n\t\t\t\t\t<div class=\"e-con-inner\">\n\t\t<div class=\"elementor-element elementor-element-be1be2c e-con-full e-flex e-con e-child\" data-id=\"be1be2c\" data-element_type=\"container\" data-e-type=\"container\">\n\t\t\t\t<div class=\"elementor-element elementor-element-e4892bf elementor-widget elementor-widget-heading\" data-id=\"e4892bf\" data-element_type=\"widget\" data-e-type=\"widget\" data-widget_type=\"heading.default\">\n\t\t\t\t\t<p class=\"elementor-heading-title elementor-size-default\">Tradition trifft Innovation<\/p>\t\t\t\t<\/div>\n\t\t\t\t<div class=\"elementor-element elementor-element-946e933 elementor-widget elementor-widget-text-editor\" data-id=\"946e933\" data-element_type=\"widget\" data-e-type=\"widget\" data-widget_type=\"text-editor.default\">\n\t\t\t\t\t\t\t\t\t<p>Das Hollerith-Geb\u00e4ude ist ein perfektes Beispiel f\u00fcr die Verbindung von Tradition und Innovation und spiegelt damit auch die Philosophie unseres Unternehmens wider. Wir glauben daran, die Vergangenheit zu w\u00fcrdigen und gleichzeitig die Zukunft mit offenen Augen anzugehen, um innovative L\u00f6sungen zu entwickeln und unseren Kunden den bestm\u00f6glichen Service zu bieten.<\/p>\t\t\t\t\t\t\t\t<\/div>\n\t\t\t\t<div class=\"elementor-element elementor-element-f2198c8 elementor-widget elementor-widget-button\" data-id=\"f2198c8\" data-element_type=\"widget\" data-e-type=\"widget\" data-widget_type=\"button.default\">\n\t\t\t\t\t\t\t\t\t\t<a class=\"elementor-button elementor-button-link elementor-size-sm\" href=\"#elementor-action%3Aaction%3Dpopup%3Aopen%26settings%3DeyJpZCI6IjYxMCIsInRvZ2dsZSI6ZmFsc2V9\">\n\t\t\t\t\t\t<span class=\"elementor-button-content-wrapper\">\n\t\t\t\t\t\t\t\t\t<span class=\"elementor-button-text\">Kontakt<\/span>\n\t\t\t\t\t<\/span>\n\t\t\t\t\t<\/a>\n\t\t\t\t\t\t\t\t<\/div>\n\t\t\t\t<\/div>\n\t\t<div class=\"elementor-element elementor-element-70eb259 e-con-full e-flex e-con e-child\" data-id=\"70eb259\" data-element_type=\"container\" data-e-type=\"container\" data-settings=\"{&quot;background_background&quot;:&quot;classic&quot;}\">\n\t\t\t\t<\/div>\n\t\t\t\t\t<\/div>\n\t\t\t\t<\/div>\n\t\t<div class=\"elementor-element elementor-element-5d205b1 e-flex e-con-boxed e-con e-parent\" data-id=\"5d205b1\" data-element_type=\"container\" data-e-type=\"container\">\n\t\t\t\t\t<div class=\"e-con-inner\">\n\t\t<div class=\"elementor-element elementor-element-3d44be5 e-con-full e-flex e-con e-child\" data-id=\"3d44be5\" data-element_type=\"container\" data-e-type=\"container\">\n\t\t\t\t<div class=\"elementor-element elementor-element-45bcc9a elementor-widget elementor-widget-heading\" data-id=\"45bcc9a\" data-element_type=\"widget\" data-e-type=\"widget\" data-widget_type=\"heading.default\">\n\t\t\t\t\t<h2 class=\"elementor-heading-title elementor-size-default\">Besuchen Sie uns!<\/h2>\t\t\t\t<\/div>\n\t\t\t\t<div class=\"elementor-element elementor-element-3bba1ea elementor-widget elementor-widget-text-editor\" data-id=\"3bba1ea\" data-element_type=\"widget\" data-e-type=\"widget\" data-widget_type=\"text-editor.default\">\n\t\t\t\t\t\t\t\t\t<p>Wir laden Sie ein, unser gem\u00fctliches B\u00fcro zu besuchen und sich von unserer kreativen und motivierenden Arbeitsumgebung inspirieren zu lassen. Wir sind uns sicher, dass Sie es genauso genie\u00dfen werden wie wir!<\/p>\t\t\t\t\t\t\t\t<\/div>\n\t\t\t\t<div class=\"elementor-element elementor-element-dd17060 elementor-widget elementor-widget-button\" data-id=\"dd17060\" data-element_type=\"widget\" data-e-type=\"widget\" data-widget_type=\"button.default\">\n\t\t\t\t\t\t\t\t\t\t<a class=\"elementor-button elementor-button-link elementor-size-sm\" href=\"#elementor-action%3Aaction%3Dpopup%3Aopen%26settings%3DeyJpZCI6IjYxMCIsInRvZ2dsZSI6ZmFsc2V9\">\n\t\t\t\t\t\t<span class=\"elementor-button-content-wrapper\">\n\t\t\t\t\t\t\t\t\t<span class=\"elementor-button-text\">Kontakt<\/span>\n\t\t\t\t\t<\/span>\n\t\t\t\t\t<\/a>\n\t\t\t\t\t\t\t\t<\/div>\n\t\t\t\t<\/div>\n\t\t<div class=\"elementor-element elementor-element-a731271 e-con-full e-flex e-con e-child\" data-id=\"a731271\" data-element_type=\"container\" data-e-type=\"container\" data-settings=\"{&quot;background_background&quot;:&quot;classic&quot;}\">\n\t\t\t\t<\/div>\n\t\t\t\t\t<\/div>\n\t\t\t\t<\/div>\n\t\t\t\t<\/div>\n\t\t","protected":false},"excerpt":{"rendered":"<p>Herzlich Willkommen im GATACA Hauptquartier Ein gem\u00fctliches B\u00fcro f\u00fcr inspirierende Spitzenleistungen Herzlich willkommen in unserem gem\u00fctlichen B\u00fcro, das mehr an ein Wohnzimmer als an ein traditionelles B\u00fcro erinnert! Wir bei GATACA glauben daran, dass eine inspirierende Arbeitsumgebung f\u00fcr unsere Mitarbeiter einen gro\u00dfen Unterschied macht, um Spitzenleistungen zu erzielen. Wir glauben, dass ein Arbeitsplatz, an dem [&hellip;]<\/p>\n","protected":false},"author":21,"featured_media":0,"parent":0,"menu_order":0,"comment_status":"closed","ping_status":"closed","template":"","meta":{"footnotes":""},"class_list":["post-313","page","type-page","status-publish","hentry"],"aioseo_notices":[],"_links":{"self":[{"href":"https:\/\/gataca.de\/inside\/wp-json\/wp\/v2\/pages\/313","targetHints":{"allow":["GET"]}}],"collection":[{"href":"https:\/\/gataca.de\/inside\/wp-json\/wp\/v2\/pages"}],"about":[{"href":"https:\/\/gataca.de\/inside\/wp-json\/wp\/v2\/types\/page"}],"author":[{"embeddable":true,"href":"https:\/\/gataca.de\/inside\/wp-json\/wp\/v2\/users\/21"}],"replies":[{"embeddable":true,"href":"https:\/\/gataca.de\/inside\/wp-json\/wp\/v2\/comments?post=313"}],"version-history":[{"count":34,"href":"https:\/\/gataca.de\/inside\/wp-json\/wp\/v2\/pages\/313\/revisions"}],"predecessor-version":[{"id":744,"href":"https:\/\/gataca.de\/inside\/wp-json\/wp\/v2\/pages\/313\/revisions\/744"}],"wp:attachment":[{"href":"https:\/\/gataca.de\/inside\/wp-json\/wp\/v2\/media?parent=313"}],"curies":[{"name":"wp","href":"https:\/\/api.w.org\/{rel}","templated":true}]}}