{"id":336,"date":"2026-02-16T16:18:07","date_gmt":"2026-02-16T15:18:07","guid":{"rendered":"https:\/\/gataca.de\/inside\/?page_id=336"},"modified":"2026-02-18T11:57:32","modified_gmt":"2026-02-18T10:57:32","slug":"jobs","status":"publish","type":"page","link":"https:\/\/gataca.de\/inside\/jobs\/","title":{"rendered":"Jobs"},"content":{"rendered":"\t\t<div data-elementor-type=\"wp-page\" data-elementor-id=\"336\" class=\"elementor elementor-336\" data-elementor-post-type=\"page\">\n\t\t\t\t<div class=\"elementor-element elementor-element-5363ee3 e-flex e-con-boxed e-con e-parent\" data-id=\"5363ee3\" data-element_type=\"container\" data-e-type=\"container\" data-settings=\"{&quot;background_background&quot;:&quot;classic&quot;}\">\n\t\t\t\t\t<div class=\"e-con-inner\">\n\t\t\t\t<div class=\"elementor-element elementor-element-3ab7e93 elementor-widget elementor-widget-heading\" data-id=\"3ab7e93\" data-element_type=\"widget\" data-e-type=\"widget\" data-widget_type=\"heading.default\">\n\t\t\t\t\t<h2 class=\"elementor-heading-title elementor-size-default\">Komm ins Team!<\/h2>\t\t\t\t<\/div>\n\t\t\t\t<div class=\"elementor-element elementor-element-e65d73f elementor-widget elementor-widget-heading\" data-id=\"e65d73f\" data-element_type=\"widget\" data-e-type=\"widget\" data-widget_type=\"heading.default\">\n\t\t\t\t\t<h2 class=\"elementor-heading-title elementor-size-default\">Upgrade Deine Expertise bei GATACA in Villingen-Schwenningen<\/h2>\t\t\t\t<\/div>\n\t\t\t\t\t<\/div>\n\t\t\t\t<\/div>\n\t\t<div class=\"elementor-element elementor-element-f7e1a55 e-flex e-con-boxed e-con e-parent\" data-id=\"f7e1a55\" data-element_type=\"container\" data-e-type=\"container\">\n\t\t\t\t\t<div class=\"e-con-inner\">\n\t\t<div class=\"elementor-element elementor-element-f1fd5be e-con-full e-flex e-con e-child\" data-id=\"f1fd5be\" data-element_type=\"container\" data-e-type=\"container\">\n\t\t\t\t<div class=\"elementor-element elementor-element-0b91845 elementor-widget elementor-widget-heading\" data-id=\"0b91845\" data-element_type=\"widget\" data-e-type=\"widget\" data-widget_type=\"heading.default\">\n\t\t\t\t\t<h2 class=\"elementor-heading-title elementor-size-default\">Wachse mit GATACA<\/h2>\t\t\t\t<\/div>\n\t\t\t\t<div class=\"elementor-element elementor-element-ab186ab elementor-widget elementor-widget-heading\" data-id=\"ab186ab\" data-element_type=\"widget\" data-e-type=\"widget\" data-widget_type=\"heading.default\">\n\t\t\t\t\t<p class=\"elementor-heading-title elementor-size-default\">Werde Teil eines innovativen Teams in den Bereichen IT, Kreativ und Datenschutz<\/p>\t\t\t\t<\/div>\n\t\t\t\t<div class=\"elementor-element elementor-element-b6f774d elementor-widget elementor-widget-text-editor\" data-id=\"b6f774d\" data-element_type=\"widget\" data-e-type=\"widget\" data-widget_type=\"text-editor.default\">\n\t\t\t\t\t\t\t\t\t<p data-start=\"171\" data-end=\"347\">Wir vereinen drei spezialisierte Bereiche unter einem Dach: IT-Systemhaus, Kreativlabor und Datenschutz. Diese Kombination macht uns stark \u2013 technisch, strategisch und kreativ.<\/p><p data-start=\"349\" data-end=\"592\">Als wachsendes Unternehmen arbeiten wir t\u00e4glich daran, Sicherheit, Struktur und digitale L\u00f6sungen auf h\u00f6chstem Niveau umzusetzen. Daf\u00fcr suchen wir Menschen, die Verantwortung \u00fcbernehmen, mitdenken und ihre Expertise gezielt einbringen m\u00f6chten.<\/p><p data-start=\"594\" data-end=\"768\">Ob Studium, Berufseinstieg, Quereinstieg oder langj\u00e4hrige Erfahrung \u2013 bei uns z\u00e4hlt nicht nur der Lebenslauf, sondern Haltung, Neugier und der Wille, sich weiterzuentwickeln.<\/p><p data-start=\"770\" data-end=\"927\">Wenn Du Lust hast, in einem Umfeld zu arbeiten, das Fachwissen, Gestaltungsfreiheit und Teamgeist verbindet, dann freuen wir uns darauf, Dich kennenzulernen.<\/p>\t\t\t\t\t\t\t\t<\/div>\n\t\t\t\t<div class=\"elementor-element elementor-element-606809b elementor-widget elementor-widget-button\" data-id=\"606809b\" data-element_type=\"widget\" data-e-type=\"widget\" data-widget_type=\"button.default\">\n\t\t\t\t\t\t\t\t\t\t<a class=\"elementor-button elementor-button-link elementor-size-sm\" href=\"#elementor-action%3Aaction%3Dpopup%3Aopen%26settings%3DeyJpZCI6IjYxMCIsInRvZ2dsZSI6ZmFsc2V9\">\n\t\t\t\t\t\t<span class=\"elementor-button-content-wrapper\">\n\t\t\t\t\t\t\t\t\t<span class=\"elementor-button-text\">Kontakt<\/span>\n\t\t\t\t\t<\/span>\n\t\t\t\t\t<\/a>\n\t\t\t\t\t\t\t\t<\/div>\n\t\t\t\t<\/div>\n\t\t<div class=\"elementor-element elementor-element-063293c e-con-full e-flex e-con e-child\" data-id=\"063293c\" data-element_type=\"container\" data-e-type=\"container\" data-settings=\"{&quot;background_background&quot;:&quot;classic&quot;}\">\n\t\t\t\t<\/div>\n\t\t\t\t\t<\/div>\n\t\t\t\t<\/div>\n\t\t<div class=\"elementor-element elementor-element-c16ee7e e-flex e-con-boxed e-con e-parent\" data-id=\"c16ee7e\" data-element_type=\"container\" data-e-type=\"container\">\n\t\t\t\t\t<div class=\"e-con-inner\">\n\t\t<div class=\"elementor-element elementor-element-093fbc0 e-con-full e-flex e-con e-child\" data-id=\"093fbc0\" data-element_type=\"container\" data-e-type=\"container\" data-settings=\"{&quot;background_background&quot;:&quot;classic&quot;}\">\n\t\t\t\t<\/div>\n\t\t<div class=\"elementor-element elementor-element-f1aebdd e-con-full e-flex e-con e-child\" data-id=\"f1aebdd\" data-element_type=\"container\" data-e-type=\"container\">\n\t\t\t\t<div class=\"elementor-element elementor-element-baa6273 elementor-widget elementor-widget-heading\" data-id=\"baa6273\" data-element_type=\"widget\" data-e-type=\"widget\" data-widget_type=\"heading.default\">\n\t\t\t\t\t<h2 class=\"elementor-heading-title elementor-size-default\">IT-Systemhaus, Kreativlabor und Datenschutz<\/h2>\t\t\t\t<\/div>\n\t\t\t\t<div class=\"elementor-element elementor-element-f86660a elementor-widget elementor-widget-heading\" data-id=\"f86660a\" data-element_type=\"widget\" data-e-type=\"widget\" data-widget_type=\"heading.default\">\n\t\t\t\t\t<p class=\"elementor-heading-title elementor-size-default\">Ma\u00dfgeschneiderte L\u00f6sungen f\u00fcr Ihre IT-Infrastruktur und Datenschutzbed\u00fcrfnisse<\/p>\t\t\t\t<\/div>\n\t\t\t\t<div class=\"elementor-element elementor-element-5231e1b elementor-widget elementor-widget-text-editor\" data-id=\"5231e1b\" data-element_type=\"widget\" data-e-type=\"widget\" data-widget_type=\"text-editor.default\">\n\t\t\t\t\t\t\t\t\t<p>Als IT-Systemhaus bieten wir unseren Kunden ma\u00dfgeschneiderte L\u00f6sungen im Bereich der IT-Infrastruktur, Netzwerktechnologie und Cloud-Services an.<\/p><p>Unser Kreativlabor entwickelt kreative Konzepte und Designs f\u00fcr unsere Kunden und sorgt daf\u00fcr, dass sie sich von der Masse abheben.<\/p><p>Und als Datenschutzexperten helfen wir Unternehmen, ihre Daten zu sch\u00fctzen und die Einhaltung der Datenschutzbestimmungen sicherzustellen.<\/p><p>Als Unternehmen glauben wir an die Bedeutung einer positiven Arbeitsumgebung, die auf Zusammenarbeit, Kreativit\u00e4t und Innovation basiert. Wir bieten unseren Mitarbeitern die M\u00f6glichkeit, in einem ansprechenden und motivierenden Umfeld zu arbeiten und ihre Karriere in eine Richtung zu entwickeln, die sie wirklich begeistert.<\/p>\t\t\t\t\t\t\t\t<\/div>\n\t\t\t\t<\/div>\n\t\t\t\t\t<\/div>\n\t\t\t\t<\/div>\n\t\t<div class=\"elementor-element elementor-element-a6eb2ff e-flex e-con-boxed e-con e-parent\" data-id=\"a6eb2ff\" data-element_type=\"container\" data-e-type=\"container\" data-settings=\"{&quot;background_background&quot;:&quot;classic&quot;}\">\n\t\t\t\t\t<div class=\"e-con-inner\">\n\t\t<div class=\"elementor-element elementor-element-2252049 e-con-full e-flex e-con e-child\" data-id=\"2252049\" data-element_type=\"container\" data-e-type=\"container\">\n\t\t\t\t<div class=\"elementor-element elementor-element-84d21e1 elementor-widget elementor-widget-heading\" data-id=\"84d21e1\" data-element_type=\"widget\" data-e-type=\"widget\" data-widget_type=\"heading.default\">\n\t\t\t\t\t<p class=\"elementor-heading-title elementor-size-default\">Aktuelle Stellenangebote bei der GATACA GmbH<\/p>\t\t\t\t<\/div>\n\t\t\t\t<\/div>\n\t\t<div class=\"elementor-element elementor-element-51bd5ba e-con-full e-flex e-con e-child\" data-id=\"51bd5ba\" data-element_type=\"container\" data-e-type=\"container\">\n\t\t\t\t<div class=\"elementor-element elementor-element-0b22ab8 elementor-widget elementor-widget-n-accordion\" data-id=\"0b22ab8\" data-element_type=\"widget\" data-e-type=\"widget\" data-settings=\"{&quot;default_state&quot;:&quot;all_collapsed&quot;,&quot;max_items_expended&quot;:&quot;one&quot;,&quot;n_accordion_animation_duration&quot;:{&quot;unit&quot;:&quot;ms&quot;,&quot;size&quot;:400,&quot;sizes&quot;:[]}}\" data-widget_type=\"nested-accordion.default\">\n\t\t\t\t\t\t\t<div class=\"e-n-accordion\" aria-label=\"Accordion. Open links with Enter or Space, close with Escape, and navigate with Arrow Keys\">\n\t\t\t\t\t\t<details id=\"e-n-accordion-item-1160\" class=\"e-n-accordion-item\" >\n\t\t\t\t<summary class=\"e-n-accordion-item-title\" data-accordion-index=\"1\" tabindex=\"0\" aria-expanded=\"false\" aria-controls=\"e-n-accordion-item-1160\" >\n\t\t\t\t\t<span class='e-n-accordion-item-title-header'><div class=\"e-n-accordion-item-title-text\"> Aktuell haben wir keine freien Stellen zu vergeben  <\/div><\/span>\n\t\t\t\t\t\t\t<span class='e-n-accordion-item-title-icon'>\n\t\t\t<span class='e-opened' ><svg aria-hidden=\"true\" class=\"e-font-icon-svg e-fas-arrow-up\" viewBox=\"0 0 448 512\" xmlns=\"http:\/\/www.w3.org\/2000\/svg\"><path d=\"M34.9 289.5l-22.2-22.2c-9.4-9.4-9.4-24.6 0-33.9L207 39c9.4-9.4 24.6-9.4 33.9 0l194.3 194.3c9.4 9.4 9.4 24.6 0 33.9L413 289.4c-9.5 9.5-25 9.3-34.3-.4L264 168.6V456c0 13.3-10.7 24-24 24h-32c-13.3 0-24-10.7-24-24V168.6L69.2 289.1c-9.3 9.8-24.8 10-34.3.4z\"><\/path><\/svg><\/span>\n\t\t\t<span class='e-closed'><svg aria-hidden=\"true\" class=\"e-font-icon-svg e-fas-arrow-down\" viewBox=\"0 0 448 512\" xmlns=\"http:\/\/www.w3.org\/2000\/svg\"><path d=\"M413.1 222.5l22.2 22.2c9.4 9.4 9.4 24.6 0 33.9L241 473c-9.4 9.4-24.6 9.4-33.9 0L12.7 278.6c-9.4-9.4-9.4-24.6 0-33.9l22.2-22.2c9.5-9.5 25-9.3 34.3.4L184 343.4V56c0-13.3 10.7-24 24-24h32c13.3 0 24 10.7 24 24v287.4l114.8-120.5c9.3-9.8 24.8-10 34.3-.4z\"><\/path><\/svg><\/span>\n\t\t<\/span>\n\n\t\t\t\t\t\t<\/summary>\n\t\t\t\t<div role=\"region\" aria-labelledby=\"e-n-accordion-item-1160\" class=\"elementor-element elementor-element-c0af097 e-con-full e-flex e-con e-child\" data-id=\"c0af097\" data-element_type=\"container\" data-e-type=\"container\">\n\t\t\t\t<\/div>\n\t\t\t\t\t<\/details>\n\t\t\t\t\t<\/div>\n\t\t\t\t\t\t<\/div>\n\t\t\t\t<\/div>\n\t\t\t\t\t<\/div>\n\t\t\t\t<\/div>\n\t\t<div class=\"elementor-element elementor-element-b7ed686 e-flex e-con-boxed e-con e-parent\" data-id=\"b7ed686\" data-element_type=\"container\" data-e-type=\"container\">\n\t\t\t\t\t<div class=\"e-con-inner\">\n\t\t<div class=\"elementor-element elementor-element-66441e3 e-con-full e-flex e-con e-child\" data-id=\"66441e3\" data-element_type=\"container\" data-e-type=\"container\">\n\t\t\t\t<div class=\"elementor-element elementor-element-598e66d elementor-widget elementor-widget-heading\" data-id=\"598e66d\" data-element_type=\"widget\" data-e-type=\"widget\" data-widget_type=\"heading.default\">\n\t\t\t\t\t<h2 class=\"elementor-heading-title elementor-size-default\">Dein Praktikum bei GATACA<\/h2>\t\t\t\t<\/div>\n\t\t\t\t<div class=\"elementor-element elementor-element-e8f29df elementor-widget elementor-widget-heading\" data-id=\"e8f29df\" data-element_type=\"widget\" data-e-type=\"widget\" data-widget_type=\"heading.default\">\n\t\t\t\t\t<p class=\"elementor-heading-title elementor-size-default\">f\u00fcr Sch\u00fcler, Fachhochsch\u00fcler, Studenten und Interessierte<\/p>\t\t\t\t<\/div>\n\t\t\t\t<div class=\"elementor-element elementor-element-a7d15d2 elementor-widget elementor-widget-text-editor\" data-id=\"a7d15d2\" data-element_type=\"widget\" data-e-type=\"widget\" data-widget_type=\"text-editor.default\">\n\t\t\t\t\t\t\t\t\t<p>Wir bieten dir Praktika in unserem IT-Systemhaus mit folgenden Schwerpunkten: Systemadministration, Fachinformatik, IT-Technik, Systemtechnik und vieles mehr.<\/p><p>\u00a0<\/p><p>Dir liegt das Kreative mehr? Im Kreativlabor kannst du bei uns unter anderem in folgenden Bereich dein Praktikum machen: Webdesign, Mediengestaltung, Design, Medienkonzeption, Text &amp; Konzept, Marketing und allgemeine Werbung.<\/p>\t\t\t\t\t\t\t\t<\/div>\n\t\t\t\t<div class=\"elementor-element elementor-element-abac07c elementor-widget elementor-widget-button\" data-id=\"abac07c\" data-element_type=\"widget\" data-e-type=\"widget\" data-widget_type=\"button.default\">\n\t\t\t\t\t\t\t\t\t\t<a class=\"elementor-button elementor-button-link elementor-size-sm\" href=\"#elementor-action%3Aaction%3Dpopup%3Aopen%26settings%3DeyJpZCI6IjYxMCIsInRvZ2dsZSI6ZmFsc2V9\">\n\t\t\t\t\t\t<span class=\"elementor-button-content-wrapper\">\n\t\t\t\t\t\t\t\t\t<span class=\"elementor-button-text\">Kontakt<\/span>\n\t\t\t\t\t<\/span>\n\t\t\t\t\t<\/a>\n\t\t\t\t\t\t\t\t<\/div>\n\t\t\t\t<\/div>\n\t\t<div class=\"elementor-element elementor-element-3f0d007 e-con-full e-flex e-con e-child\" data-id=\"3f0d007\" data-element_type=\"container\" data-e-type=\"container\" data-settings=\"{&quot;background_background&quot;:&quot;classic&quot;}\">\n\t\t\t\t<\/div>\n\t\t\t\t\t<\/div>\n\t\t\t\t<\/div>\n\t\t\t\t<\/div>\n\t\t","protected":false},"excerpt":{"rendered":"<p>Komm ins Team! Upgrade Deine Expertise bei GATACA in Villingen-Schwenningen Wachse mit GATACA Werde Teil eines innovativen Teams in den Bereichen IT, Kreativ und Datenschutz Wir vereinen drei spezialisierte Bereiche unter einem Dach: IT-Systemhaus, Kreativlabor und Datenschutz. Diese Kombination macht uns stark \u2013 technisch, strategisch und kreativ. Als wachsendes Unternehmen arbeiten wir t\u00e4glich daran, Sicherheit, [&hellip;]<\/p>\n","protected":false},"author":21,"featured_media":0,"parent":0,"menu_order":0,"comment_status":"closed","ping_status":"closed","template":"","meta":{"footnotes":""},"class_list":["post-336","page","type-page","status-publish","hentry"],"aioseo_notices":[],"_links":{"self":[{"href":"https:\/\/gataca.de\/inside\/wp-json\/wp\/v2\/pages\/336","targetHints":{"allow":["GET"]}}],"collection":[{"href":"https:\/\/gataca.de\/inside\/wp-json\/wp\/v2\/pages"}],"about":[{"href":"https:\/\/gataca.de\/inside\/wp-json\/wp\/v2\/types\/page"}],"author":[{"embeddable":true,"href":"https:\/\/gataca.de\/inside\/wp-json\/wp\/v2\/users\/21"}],"replies":[{"embeddable":true,"href":"https:\/\/gataca.de\/inside\/wp-json\/wp\/v2\/comments?post=336"}],"version-history":[{"count":72,"href":"https:\/\/gataca.de\/inside\/wp-json\/wp\/v2\/pages\/336\/revisions"}],"predecessor-version":[{"id":717,"href":"https:\/\/gataca.de\/inside\/wp-json\/wp\/v2\/pages\/336\/revisions\/717"}],"wp:attachment":[{"href":"https:\/\/gataca.de\/inside\/wp-json\/wp\/v2\/media?parent=336"}],"curies":[{"name":"wp","href":"https:\/\/api.w.org\/{rel}","templated":true}]}}