{"id":380,"date":"2026-02-17T09:36:04","date_gmt":"2026-02-17T08:36:04","guid":{"rendered":"https:\/\/gataca.de\/inside\/?page_id=380"},"modified":"2026-03-30T13:26:05","modified_gmt":"2026-03-30T11:26:05","slug":"impressum","status":"publish","type":"page","link":"https:\/\/gataca.de\/inside\/impressum\/","title":{"rendered":"Impressum"},"content":{"rendered":"\t\t<div data-elementor-type=\"wp-page\" data-elementor-id=\"380\" class=\"elementor elementor-380\" data-elementor-post-type=\"page\">\n\t\t\t\t<div class=\"elementor-element elementor-element-f359530 e-flex e-con-boxed e-con e-parent\" data-id=\"f359530\" data-element_type=\"container\" data-e-type=\"container\" data-settings=\"{&quot;background_background&quot;:&quot;classic&quot;}\">\n\t\t\t\t\t<div class=\"e-con-inner\">\n\t\t\t\t<div class=\"elementor-element elementor-element-0588dbc elementor-widget elementor-widget-heading\" data-id=\"0588dbc\" data-element_type=\"widget\" data-e-type=\"widget\" data-widget_type=\"heading.default\">\n\t\t\t\t\t<h2 class=\"elementor-heading-title elementor-size-default\">Impressum der GATACA GmbH<\/h2>\t\t\t\t<\/div>\n\t\t\t\t\t<\/div>\n\t\t\t\t<\/div>\n\t\t<div class=\"elementor-element elementor-element-677e40c e-flex e-con-boxed e-con e-parent\" data-id=\"677e40c\" data-element_type=\"container\" data-e-type=\"container\">\n\t\t\t\t\t<div class=\"e-con-inner\">\n\t\t\t\t<div class=\"elementor-element elementor-element-91b3167 elementor-widget elementor-widget-text-editor\" data-id=\"91b3167\" data-element_type=\"widget\" data-e-type=\"widget\" data-widget_type=\"text-editor.default\">\n\t\t\t\t\t\t\t\t\t<h2>GATACA GmbH<\/h2><p>Gesch\u00e4ftsf\u00fchrer: Herr Moritz G\u00e4ngel<br \/>Am Riettor 4 | 78048 Villingen-Schwenningen<br \/>Deutschland, Baden-W\u00fcrttemberg<\/p>\t\t\t\t\t\t\t\t<\/div>\n\t\t\t\t<div class=\"elementor-element elementor-element-99024e9 elementor-widget elementor-widget-text-editor\" data-id=\"99024e9\" data-element_type=\"widget\" data-e-type=\"widget\" data-widget_type=\"text-editor.default\">\n\t\t\t\t\t\t\t\t\t<h3>Kontakt<\/h3><p>Telefon:\u00a0<a href=\"tel:+4977218879790\" target=\"_blank\" rel=\"noopener\">+49 (0) 7721 88 79 79 -0<\/a><br \/>Telefax: +49 (0) 7721 88 79 79 -88<br \/>E-Mail:\u00a0<a href=\"mailto:info@gataca.de\">info@gataca.de<\/a><br \/>Web:\u00a0<a href=\"https:\/\/gataca.de\">https:\/\/gataca.de<\/a><\/p>\t\t\t\t\t\t\t\t<\/div>\n\t\t\t\t<div class=\"elementor-element elementor-element-ee6021a elementor-widget elementor-widget-text-editor\" data-id=\"ee6021a\" data-element_type=\"widget\" data-e-type=\"widget\" data-widget_type=\"text-editor.default\">\n\t\t\t\t\t\t\t\t\t<h3>Verantwortlich f\u00fcr den Inhalt nach \u00a7 18 Abs. 2 MStV<\/h3><p>Herr Moritz G\u00e4ngel<br \/>GATACA\u00a9 GmbH<br \/>Am Riettor 4 | 78048 Villingen-Schwenningen<br \/>Deutschland, Baden-W\u00fcrttemberg<\/p>\t\t\t\t\t\t\t\t<\/div>\n\t\t\t\t<div class=\"elementor-element elementor-element-f4eacf4 elementor-widget elementor-widget-text-editor\" data-id=\"f4eacf4\" data-element_type=\"widget\" data-e-type=\"widget\" data-widget_type=\"text-editor.default\">\n\t\t\t\t\t\t\t\t\t<h3>Register<\/h3><p>Handelsregister: HRB 703357<br \/>Registergericht: Handelsregister Freiburg<\/p>\t\t\t\t\t\t\t\t<\/div>\n\t\t\t\t<div class=\"elementor-element elementor-element-bd18840 elementor-widget elementor-widget-text-editor\" data-id=\"bd18840\" data-element_type=\"widget\" data-e-type=\"widget\" data-widget_type=\"text-editor.default\">\n\t\t\t\t\t\t\t\t\t<h3>Umsatzsteuer<\/h3><p>Umsatzsteuer-Identifikationsnummer gem\u00e4\u00df \u00a727(a)<br \/>Umsatzsteuergesetz:\u00a0<b>DE263703807<\/b><\/p>\t\t\t\t\t\t\t\t<\/div>\n\t\t\t\t<div class=\"elementor-element elementor-element-320f75c elementor-widget elementor-widget-text-editor\" data-id=\"320f75c\" data-element_type=\"widget\" data-e-type=\"widget\" data-widget_type=\"text-editor.default\">\n\t\t\t\t\t\t\t\t\t<h3>Hinweis zum Markenschutz<\/h3><p>GATACA\u00a9 ist eine eingetragene Marke beim Deutschen Patent- und Markenamt.<br \/>Alle auf GATACA\u00a9 -Webseiten verwendeten Grafiken\/Bilder unterliegen dem Urheberrecht \u2013 wir untersagen jegliche Verwendung!<\/p>\t\t\t\t\t\t\t\t<\/div>\n\t\t\t\t<div class=\"elementor-element elementor-element-8b88ac9 elementor-widget elementor-widget-text-editor\" data-id=\"8b88ac9\" data-element_type=\"widget\" data-e-type=\"widget\" data-widget_type=\"text-editor.default\">\n\t\t\t\t\t\t\t\t\t<h3>Angaben zur Berufshaftpflichtversicherung<\/h3><p><b>Name und Sitz des Versicherers:<\/b><br \/>Pro Markel International Niederlassung<br \/>Sophienstra\u00dfe 26 | 80333 M\u00fcnchen<br \/>Deutschland, Bayern<\/p><p>Geltungsraum der Versicherung: Deutschland<\/p>\t\t\t\t\t\t\t\t<\/div>\n\t\t\t\t<div class=\"elementor-element elementor-element-1234d0e elementor-widget elementor-widget-text-editor\" data-id=\"1234d0e\" data-element_type=\"widget\" data-e-type=\"widget\" data-widget_type=\"text-editor.default\">\n\t\t\t\t\t\t\t\t\t<h3>Hinweis gem\u00e4\u00df Verbraucherstreitbeilegungsgesetz (VSBG)<\/h3><p>Wir sind weder dazu bereit noch dazu verpflichtet,<br \/>an Streitbeilegungsverfahren vor einer Verbraucherschlichtungsstelle teilzunehmen.<\/p>\t\t\t\t\t\t\t\t<\/div>\n\t\t\t\t<div class=\"elementor-element elementor-element-ddbbef1 elementor-widget elementor-widget-text-editor\" data-id=\"ddbbef1\" data-element_type=\"widget\" data-e-type=\"widget\" data-widget_type=\"text-editor.default\">\n\t\t\t\t\t\t\t\t\t<h3>Informationen zum Datenschutz<\/h3><p>Jegliche Informationen zum Thema Datenschutz finden Sie unter:<br \/><a href=\"https:\/\/gataca.de\/datenschutz\/\" target=\"_blank\" rel=\"noopener\">https:\/\/datenschutz.gataca.de<\/a><\/p>\t\t\t\t\t\t\t\t<\/div>\n\t\t\t\t<div class=\"elementor-element elementor-element-2072a31 elementor-widget elementor-widget-text-editor\" data-id=\"2072a31\" data-element_type=\"widget\" data-e-type=\"widget\" data-widget_type=\"text-editor.default\">\n\t\t\t\t\t\t\t\t\t<h3>Kontaktdaten unseres Datenschutzbeauftragten:<\/h3><p>GATACA\u00a9 GmbH<br \/>Am Riettor 4 | 78048 Villingen-Schwenningen<br \/>E-Mail:\u00a0<a href=\"mailto:datenschutz@gataca.de\">datenschutz@gataca.de<\/a><br \/>Web:\u00a0<a href=\"https:\/\/gataca.de\/datenschutz\/\" target=\"_blank\" rel=\"noopener\">https:\/\/datenschutz.gataca.de<\/a><\/p>\t\t\t\t\t\t\t\t<\/div>\n\t\t\t\t<div class=\"elementor-element elementor-element-4e7844e elementor-widget elementor-widget-text-editor\" data-id=\"4e7844e\" data-element_type=\"widget\" data-e-type=\"widget\" data-widget_type=\"text-editor.default\">\n\t\t\t\t\t\t\t\t\t<h3>Hinweis<\/h3><p>Sowohl unser Impressum als auch unsere Datenschutzerkl\u00e4rung<br \/>gelten f\u00fcr folgende Onlinepr\u00e4senzen:<\/p>\t\t\t\t\t\t\t\t<\/div>\n\t\t<div class=\"elementor-element elementor-element-d0dae42 e-con-full e-flex e-con e-child\" data-id=\"d0dae42\" data-element_type=\"container\" data-e-type=\"container\">\n\t\t\t\t<div class=\"elementor-element elementor-element-8474229 elementor-widget elementor-widget-button\" data-id=\"8474229\" data-element_type=\"widget\" data-e-type=\"widget\" data-widget_type=\"button.default\">\n\t\t\t\t\t\t\t\t\t\t<a class=\"elementor-button elementor-button-link elementor-size-sm\" href=\"https:\/\/www.instagram.com\/gataca_gmbh\/\">\n\t\t\t\t\t\t<span class=\"elementor-button-content-wrapper\">\n\t\t\t\t\t\t\t\t\t<span class=\"elementor-button-text\">Instagram<\/span>\n\t\t\t\t\t<\/span>\n\t\t\t\t\t<\/a>\n\t\t\t\t\t\t\t\t<\/div>\n\t\t\t\t<div class=\"elementor-element elementor-element-9588346 elementor-widget elementor-widget-button\" data-id=\"9588346\" data-element_type=\"widget\" data-e-type=\"widget\" data-widget_type=\"button.default\">\n\t\t\t\t\t\t\t\t\t\t<a class=\"elementor-button elementor-button-link elementor-size-sm\" href=\"https:\/\/www.facebook.com\/gatacagruppe\/\">\n\t\t\t\t\t\t<span class=\"elementor-button-content-wrapper\">\n\t\t\t\t\t\t\t\t\t<span class=\"elementor-button-text\">Facebook<\/span>\n\t\t\t\t\t<\/span>\n\t\t\t\t\t<\/a>\n\t\t\t\t\t\t\t\t<\/div>\n\t\t\t\t<div class=\"elementor-element elementor-element-7977c6a elementor-widget elementor-widget-button\" data-id=\"7977c6a\" data-element_type=\"widget\" data-e-type=\"widget\" data-widget_type=\"button.default\">\n\t\t\t\t\t\t\t\t\t\t<a class=\"elementor-button elementor-button-link elementor-size-sm\" href=\"https:\/\/de.linkedin.com\/company\/gataca-gruppe\">\n\t\t\t\t\t\t<span class=\"elementor-button-content-wrapper\">\n\t\t\t\t\t\t\t\t\t<span class=\"elementor-button-text\">LinkedIn<\/span>\n\t\t\t\t\t<\/span>\n\t\t\t\t\t<\/a>\n\t\t\t\t\t\t\t\t<\/div>\n\t\t\t\t<div class=\"elementor-element elementor-element-de9eb15 elementor-widget elementor-widget-button\" data-id=\"de9eb15\" data-element_type=\"widget\" data-e-type=\"widget\" data-widget_type=\"button.default\">\n\t\t\t\t\t\t\t\t\t\t<a class=\"elementor-button elementor-button-link elementor-size-sm\" href=\"https:\/\/www.xing.com\/pages\/gataca-gruppe\">\n\t\t\t\t\t\t<span class=\"elementor-button-content-wrapper\">\n\t\t\t\t\t\t\t\t\t<span class=\"elementor-button-text\">XING<\/span>\n\t\t\t\t\t<\/span>\n\t\t\t\t\t<\/a>\n\t\t\t\t\t\t\t\t<\/div>\n\t\t\t\t<div class=\"elementor-element elementor-element-6bc9a14 elementor-widget elementor-widget-button\" data-id=\"6bc9a14\" data-element_type=\"widget\" data-e-type=\"widget\" data-widget_type=\"button.default\">\n\t\t\t\t\t\t\t\t\t\t<a class=\"elementor-button elementor-button-link elementor-size-sm\" href=\"https:\/\/share.google\/vOOjVYF6OnJnJl7I7\">\n\t\t\t\t\t\t<span class=\"elementor-button-content-wrapper\">\n\t\t\t\t\t\t\t\t\t<span class=\"elementor-button-text\">Google My Business<\/span>\n\t\t\t\t\t<\/span>\n\t\t\t\t\t<\/a>\n\t\t\t\t\t\t\t\t<\/div>\n\t\t\t\t<\/div>\n\t\t\t\t\t<\/div>\n\t\t\t\t<\/div>\n\t\t\t\t<\/div>\n\t\t","protected":false},"excerpt":{"rendered":"<p>Impressum der GATACA GmbH GATACA GmbH Gesch\u00e4ftsf\u00fchrer: Herr Moritz G\u00e4ngelAm Riettor 4 | 78048 Villingen-SchwenningenDeutschland, Baden-W\u00fcrttemberg Kontakt Telefon:\u00a0+49 (0) 7721 88 79 79 -0Telefax: +49 (0) 7721 88 79 79 -88E-Mail:\u00a0info@gataca.deWeb:\u00a0https:\/\/gataca.de Verantwortlich f\u00fcr den Inhalt nach \u00a7 18 Abs. 2 MStV Herr Moritz G\u00e4ngelGATACA\u00a9 GmbHAm Riettor 4 | 78048 Villingen-SchwenningenDeutschland, Baden-W\u00fcrttemberg Register Handelsregister: HRB 703357Registergericht: [&hellip;]<\/p>\n","protected":false},"author":21,"featured_media":0,"parent":0,"menu_order":0,"comment_status":"closed","ping_status":"closed","template":"","meta":{"footnotes":""},"class_list":["post-380","page","type-page","status-publish","hentry"],"aioseo_notices":[],"_links":{"self":[{"href":"https:\/\/gataca.de\/inside\/wp-json\/wp\/v2\/pages\/380","targetHints":{"allow":["GET"]}}],"collection":[{"href":"https:\/\/gataca.de\/inside\/wp-json\/wp\/v2\/pages"}],"about":[{"href":"https:\/\/gataca.de\/inside\/wp-json\/wp\/v2\/types\/page"}],"author":[{"embeddable":true,"href":"https:\/\/gataca.de\/inside\/wp-json\/wp\/v2\/users\/21"}],"replies":[{"embeddable":true,"href":"https:\/\/gataca.de\/inside\/wp-json\/wp\/v2\/comments?post=380"}],"version-history":[{"count":24,"href":"https:\/\/gataca.de\/inside\/wp-json\/wp\/v2\/pages\/380\/revisions"}],"predecessor-version":[{"id":1016,"href":"https:\/\/gataca.de\/inside\/wp-json\/wp\/v2\/pages\/380\/revisions\/1016"}],"wp:attachment":[{"href":"https:\/\/gataca.de\/inside\/wp-json\/wp\/v2\/media?parent=380"}],"curies":[{"name":"wp","href":"https:\/\/api.w.org\/{rel}","templated":true}]}}